{"id":715,"date":"2023-07-12T10:04:21","date_gmt":"2023-07-12T10:04:21","guid":{"rendered":"http:\/\/tachikawa.pilon.jp\/tachikawa\/?page_id=715"},"modified":"2023-07-13T07:23:45","modified_gmt":"2023-07-13T07:23:45","slug":"inquiry","status":"publish","type":"page","link":"http:\/\/tachikawa.pilon.jp\/tachikawa\/inquiry\/","title":{"rendered":"\u304a\u554f\u3044\u5408\u308f\u305b"},"content":{"rendered":"\n<div style=\"height:30px\" aria-hidden=\"true\" class=\"wp-block-spacer pc\"><\/div>\n\n\n\n<figure class=\"wp-block-image alignfull size-large pc\"><img loading=\"lazy\" decoding=\"async\" width=\"1024\" height=\"384\" src=\"http:\/\/tachikawa.pilon.jp\/tachikawa\/wp-content\/uploads\/2023\/07\/12_pc-1024x384.png\" alt=\"\" class=\"wp-image-641\" srcset=\"http:\/\/tachikawa.pilon.jp\/tachikawa\/wp-content\/uploads\/2023\/07\/12_pc-1024x384.png 1024w, http:\/\/tachikawa.pilon.jp\/tachikawa\/wp-content\/uploads\/2023\/07\/12_pc-300x113.png 300w, http:\/\/tachikawa.pilon.jp\/tachikawa\/wp-content\/uploads\/2023\/07\/12_pc-768x288.png 768w, http:\/\/tachikawa.pilon.jp\/tachikawa\/wp-content\/uploads\/2023\/07\/12_pc-1536x576.png 1536w, http:\/\/tachikawa.pilon.jp\/tachikawa\/wp-content\/uploads\/2023\/07\/12_pc-624x234.png 624w, http:\/\/tachikawa.pilon.jp\/tachikawa\/wp-content\/uploads\/2023\/07\/12_pc.png 1600w\" sizes=\"auto, (max-width: 1024px) 100vw, 1024px\" \/><\/figure>\n\n\n\n<figure class=\"wp-block-image alignfull size-large sp\"><img loading=\"lazy\" decoding=\"async\" width=\"1024\" height=\"772\" src=\"http:\/\/tachikawa.pilon.jp\/tachikawa\/wp-content\/uploads\/2023\/07\/11_sp-1024x772.png\" alt=\"\" class=\"wp-image-642\" srcset=\"http:\/\/tachikawa.pilon.jp\/tachikawa\/wp-content\/uploads\/2023\/07\/11_sp-1024x772.png 1024w, http:\/\/tachikawa.pilon.jp\/tachikawa\/wp-content\/uploads\/2023\/07\/11_sp-300x226.png 300w, http:\/\/tachikawa.pilon.jp\/tachikawa\/wp-content\/uploads\/2023\/07\/11_sp-768x579.png 768w, http:\/\/tachikawa.pilon.jp\/tachikawa\/wp-content\/uploads\/2023\/07\/11_sp-1536x1158.png 1536w, http:\/\/tachikawa.pilon.jp\/tachikawa\/wp-content\/uploads\/2023\/07\/11_sp-624x470.png 624w, http:\/\/tachikawa.pilon.jp\/tachikawa\/wp-content\/uploads\/2023\/07\/11_sp.png 1600w\" sizes=\"auto, (max-width: 1024px) 100vw, 1024px\" \/><\/figure>\n\n\n\n<div style=\"height:53px\" aria-hidden=\"true\" class=\"wp-block-spacer\"><\/div>\n\n\n\n<p class=\"is-style-webfont2\"><\/p>\n\n\n\n<p class=\"is-style-webfont1 has-small-font-size\" style=\"margin-bottom:0px\">Inquiry<\/p>\n\n\n\n<hr class=\"wp-block-separator has-text-color has-alpha-channel-opacity has-background is-style-wide\" style=\"margin-top:6px;background-color:#aaaaaa;color:#aaaaaa\"\/>\n\n\n\n<h2 class=\"wp-block-heading has-text-align-left is-style-webfont7\" style=\"font-size:32px;font-style:normal;font-weight:400;letter-spacing:5px\">\u304a\u554f\u3044\u5408\u308f\u305b<\/h2>\n\n\n\n<p class=\"pc\" style=\"font-size:15px\">\u3054\u8cea\u554f\u3001\u304a\u4ed5\u4e8b\u306e\u3054\u4f9d\u983c\u306a\u3069\u3092\u53d7\u3051\u4ed8\u3051\u3066\u304a\u308a\u307e\u3059\u3002\u4e0b\u8a18\u306e\u30d5\u30a9\u30fc\u30e0\u306b\u3054\u5165\u529b\u306e\u3046\u3048\u9001\u4fe1\u3057\u3066\u304f\u3060\u3055\u3044\u3002<\/p>\n\n\n\n<p class=\"sp has-small-font-size\">\u3054\u8cea\u554f\u3001\u304a\u4ed5\u4e8b\u306e\u3054\u4f9d\u983c\u306a\u3069\u3092\u53d7\u3051\u4ed8\u3051\u3066\u304a\u308a\u307e\u3059\u3002\u4e0b\u8a18\u306e\u30d5\u30a9\u30fc\u30e0\u306b\u3054\u5165\u529b\u306e\u3046\u3048\u9001\u4fe1\u3057\u3066\u304f\u3060\u3055\u3044\u3002<\/p>\n\n\n\n<hr class=\"wp-block-separator has-text-color has-alpha-channel-opacity has-background is-style-wide\" style=\"background-color:#aaaaaa;color:#aaaaaa\"\/>\n\n\n\n<div class=\"wpcf7 no-js\" id=\"wpcf7-f719-o1\" lang=\"ja\" dir=\"ltr\">\n<div class=\"screen-reader-response\"><p role=\"status\" aria-live=\"polite\" aria-atomic=\"true\"><\/p> <ul><\/ul><\/div>\n<form action=\"\/tachikawa\/wp-json\/wp\/v2\/pages\/715#wpcf7-f719-o1\" method=\"post\" class=\"wpcf7-form init\" aria-label=\"\u30b3\u30f3\u30bf\u30af\u30c8\u30d5\u30a9\u30fc\u30e0\" novalidate=\"novalidate\" data-status=\"init\">\n<div style=\"display: none;\">\n<input type=\"hidden\" name=\"_wpcf7\" value=\"719\" \/>\n<input type=\"hidden\" name=\"_wpcf7_version\" value=\"5.7.7\" \/>\n<input type=\"hidden\" name=\"_wpcf7_locale\" value=\"ja\" \/>\n<input type=\"hidden\" name=\"_wpcf7_unit_tag\" value=\"wpcf7-f719-o1\" \/>\n<input type=\"hidden\" name=\"_wpcf7_container_post\" value=\"0\" \/>\n<input type=\"hidden\" name=\"_wpcf7_posted_data_hash\" value=\"\" \/>\n<\/div>\n<table class=\"CF7_table\">\n\t<tr>\n\t\t<th>\n\t\t\t<p>\u304a\u540d\u524d<span class=\"CF7_req\">*<\/span>\n\t\t\t<\/p>\n\t\t<\/th>\n\t\t<td>\n\t\t\t<p><span class=\"wpcf7-form-control-wrap\" data-name=\"your-name\"><input size=\"40\" class=\"wpcf7-form-control wpcf7-text wpcf7-validates-as-required\" aria-required=\"true\" aria-invalid=\"false\" placeholder=\"\u4f8b\uff1a\u3042\u306a\u305f\u306e\u304a\u540d\u524d\" value=\"\" type=\"text\" name=\"your-name\" \/><\/span>\n\t\t\t<\/p>\n\t\t<\/td>\n\t<\/tr>\n\t<tr>\n\t\t<th>\n\t\t\t<p>\u4f1a\u793e\u540d\n\t\t\t<\/p>\n\t\t<\/th>\n\t\t<td>\n\t\t\t<p><span class=\"wpcf7-form-control-wrap\" data-name=\"your-company\"><input size=\"40\" class=\"wpcf7-form-control wpcf7-text\" aria-invalid=\"false\" placeholder=\"\" value=\"\" type=\"text\" name=\"your-company\" \/><\/span>\n\t\t\t<\/p>\n\t\t<\/td>\n\t<\/tr>\n\t<tr>\n\t\t<th>\n\t\t\t<p>\u3054\u4f4f\u6240<span class=\"CF7_req\">*<\/span>\n\t\t\t<\/p>\n\t\t<\/th>\n\t\t<td class=\"address-100\">\n\t\t\t<p><span class=\"wpcf7-form-control-wrap\" data-name=\"your-address\"><input size=\"40\" class=\"wpcf7-form-control wpcf7-text wpcf7-validates-as-required\" aria-required=\"true\" aria-invalid=\"false\" placeholder=\"\u4f8b\uff1a\u4e2d\u592e\u533a\u9280\u5ea7\uff11\uff12\uff13\uff14\uff15\" value=\"\" type=\"text\" name=\"your-address\" \/><\/span>\n\t\t\t<\/p>\n\t\t<\/td>\n\t<\/tr>\n\t<tr>\n\t\t<th>\n\t\t\t<p>\u30e1\u30fc\u30eb\u30a2\u30c9\u30ec\u30b9<span class=\"CF7_req\">*<\/span>\n\t\t\t<\/p>\n\t\t<\/th>\n\t\t<td>\n\t\t\t<p><span class=\"wpcf7-form-control-wrap\" data-name=\"your-email\"><input size=\"40\" class=\"wpcf7-form-control wpcf7-text wpcf7-email wpcf7-validates-as-required wpcf7-validates-as-email\" aria-required=\"true\" aria-invalid=\"false\" placeholder=\"\u4f8b\uff1a\u00d7\u00d7\u00d7@\u00d7\u00d7\u00d7.com\" value=\"\" type=\"email\" name=\"your-email\" \/><\/span>\n\t\t\t<\/p>\n\t\t<\/td>\n\t<\/tr>\n\t<tr>\n\t\t<th>\n\t\t\t<p>\u304a\u96fb\u8a71\u756a\u53f7<span class=\"CF7_req\">*<\/span>\n\t\t\t<\/p>\n\t\t<\/th>\n\t\t<td>\n\t\t\t<p><span class=\"wpcf7-form-control-wrap\" data-name=\"your-tel\"><input size=\"40\" class=\"wpcf7-form-control wpcf7-text wpcf7-validates-as-required\" aria-required=\"true\" aria-invalid=\"false\" placeholder=\"\u4f8b\uff1a012-1234-5678\" value=\"\" type=\"text\" name=\"your-tel\" \/><\/span>\n\t\t\t<\/p>\n\t\t<\/td>\n\t<\/tr>\n\t<tr>\n\t\t<th>\n\t\t\t<p>\u304a\u554f\u3044\u5408\u308f\u305b\u5185\u5bb9<span class=\"CF7_req\">*<\/span>\n\t\t\t<\/p>\n\t\t<\/th>\n\t\t<td class=\"message-100\">\n\t\t\t<p><span class=\"wpcf7-form-control-wrap\" data-name=\"your-message\"><textarea cols=\"40\" rows=\"10\" class=\"wpcf7-form-control wpcf7-textarea wpcf7-validates-as-required\" aria-required=\"true\" aria-invalid=\"false\" placeholder=\"\u304a\u554f\u3044\u5408\u308f\u305b\u5185\u5bb9\u3092\u3054\u8a18\u5165\u304f\u3060\u3055\u3044\" name=\"your-message\"><\/textarea><\/span>\u3000\n\t\t\t<\/p>\n\t\t<\/td>\n\t<\/tr>\n<\/table>\n<p class=\"CF7_btn\"><input class=\"wpcf7-form-control has-spinner wpcf7-submit\" type=\"submit\" value=\"\u9001\u4fe1\u3059\u308b\" \/>\n<\/p><div class=\"wpcf7-response-output\" aria-hidden=\"true\"><\/div>\n<\/form>\n<\/div>\n\n\n\n\n<div style=\"height:50px\" aria-hidden=\"true\" class=\"wp-block-spacer\"><\/div>\n\n\n\n<div class=\"pc\">\n<header id=\"header_de\">\n\n<p class=\"is-style-webfont7 logo_h1\" style=\"font-size:18px\"><a href=\"http:\/\/tachikawa.pilon.jp\/tachikawa\/\" class=\"link01\">\u7acb\u5ddd\u5de5\u696d<\/a><\/p>\n<ul id=\"g-navi\">\n<li class=\"is-style-webfont7\" style=\"font-size:12px\"><a href=\"http:\/\/tachikawa.pilon.jp\/tachikawa\/\">\u30c8\u30c3\u30d7<\/a><\/li>\n<li class=\"is-style-webfont7\" style=\"font-size:12px\"><a href=\"http:\/\/tachikawa.pilon.jp\/tachikawa\/example\/\">\u65bd\u5de5\u4e8b\u4f8b<\/li>\n<li class=\"is-style-webfont7\" style=\"font-size:12px\">\u4f1a\u793e\u6982\u8981<\/a><\/li>\n<li class=\"is-style-webfont7\" style=\"font-size:12px\"><a href=\"http:\/\/tachikawa.pilon.jp\/tachikawa\/inquiry\/\">\u304a\u554f\u3044\u5408\u308f\u305b<\/a><\/li>\n<\/ul>\n\n<\/header><\/div>\n\n\n\n<div style=\"height:100px\" aria-hidden=\"true\" class=\"wp-block-spacer\"><\/div>\n\n\n\n<div class=\"wp-block-columns alignfull pc is-layout-flex wp-container-core-columns-is-layout-e0e4babd wp-block-columns-is-layout-flex\" style=\"padding-right:0;padding-left:0\">\n<div class=\"wp-block-column is-vertically-aligned-center is-layout-flow wp-block-column-is-layout-flow\">\n<hr class=\"wp-block-separator alignfull has-text-color has-alpha-channel-opacity has-background is-style-wide\" style=\"margin-top:0;margin-bottom:0px;background-color:#aaaaaa;color:#aaaaaa\"\/>\n<\/div>\n<\/div>\n\n\n\n<p class=\"has-text-align-right is-style-webfont1 pc has-text-color\" style=\"color:#888888;font-size:12px\">\u00a9 2023 tachikawakogyo<\/p>\n\n\n\n<div class=\"wp-block-columns sp is-layout-flex wp-container-core-columns-is-layout-e0e4babd wp-block-columns-is-layout-flex\" style=\"padding-right:0;padding-left:0\">\n<div class=\"wp-block-column is-vertically-aligned-center is-layout-flow wp-block-column-is-layout-flow\">\n<hr class=\"wp-block-separator aligncenter has-text-color has-alpha-channel-opacity has-background is-style-wide\" style=\"margin-top:0;margin-bottom:0px;background-color:#aaaaaa;color:#aaaaaa\"\/>\n\n\n\n<p class=\"has-text-align-right is-style-webfont1 has-text-color\" style=\"color:#888888;margin-top:11px;margin-bottom:0px;font-size:12px\">\u00a9 2023 tachikawakogyo<\/p>\n<\/div>\n<\/div>\n\n\n\n<p><\/p>\n","protected":false},"excerpt":{"rendered":"<p>Inquiry \u304a\u554f\u3044\u5408\u308f\u305b \u3054\u8cea\u554f\u3001\u304a\u4ed5\u4e8b\u306e\u3054\u4f9d\u983c\u306a\u3069\u3092\u53d7\u3051\u4ed8\u3051\u3066\u304a\u308a\u307e\u3059\u3002\u4e0b\u8a18\u306e\u30d5\u30a9\u30fc\u30e0\u306b\u3054\u5165\u529b\u306e\u3046\u3048\u9001\u4fe1\u3057\u3066\u304f\u3060\u3055\u3044\u3002 \u3054\u8cea\u554f\u3001\u304a\u4ed5\u4e8b\u306e\u3054\u4f9d\u983c\u306a\u3069\u3092\u53d7\u3051\u4ed8\u3051\u3066\u304a\u308a\u307e\u3059\u3002\u4e0b\u8a18\u306e\u30d5\u30a9\u30fc\u30e0\u306b\u3054\u5165\u529b\u306e\u3046\u3048\u9001\u4fe1\u3057\u3066\u304f\u3060\u3055\u3044\u3002 [&hellip;]<\/p>\n","protected":false},"author":1,"featured_media":0,"parent":0,"menu_order":0,"comment_status":"closed","ping_status":"closed","template":"","meta":{"ngg_post_thumbnail":0,"footnotes":""},"class_list":["post-715","page","type-page","status-publish"],"_links":{"self":[{"href":"http:\/\/tachikawa.pilon.jp\/tachikawa\/wp-json\/wp\/v2\/pages\/715","targetHints":{"allow":["GET"]}}],"collection":[{"href":"http:\/\/tachikawa.pilon.jp\/tachikawa\/wp-json\/wp\/v2\/pages"}],"about":[{"href":"http:\/\/tachikawa.pilon.jp\/tachikawa\/wp-json\/wp\/v2\/types\/page"}],"author":[{"embeddable":true,"href":"http:\/\/tachikawa.pilon.jp\/tachikawa\/wp-json\/wp\/v2\/users\/1"}],"replies":[{"embeddable":true,"href":"http:\/\/tachikawa.pilon.jp\/tachikawa\/wp-json\/wp\/v2\/comments?post=715"}],"version-history":[{"count":67,"href":"http:\/\/tachikawa.pilon.jp\/tachikawa\/wp-json\/wp\/v2\/pages\/715\/revisions"}],"predecessor-version":[{"id":898,"href":"http:\/\/tachikawa.pilon.jp\/tachikawa\/wp-json\/wp\/v2\/pages\/715\/revisions\/898"}],"wp:attachment":[{"href":"http:\/\/tachikawa.pilon.jp\/tachikawa\/wp-json\/wp\/v2\/media?parent=715"}],"curies":[{"name":"wp","href":"https:\/\/api.w.org\/{rel}","templated":true}]}}